{"id":33537,"date":"2022-06-07T12:04:59","date_gmt":"2022-06-07T10:04:59","guid":{"rendered":"https:\/\/ecommerce.flysrl.com\/diritto-di-recesso\/"},"modified":"2025-01-22T11:58:37","modified_gmt":"2025-01-22T10:58:37","slug":"right-of-withdrawal","status":"publish","type":"page","link":"https:\/\/ecommerce.flysrl.com\/en\/right-of-withdrawal\/","title":{"rendered":"Right of withdrawal"},"content":{"rendered":"\t\t<div data-elementor-type=\"wp-page\" data-elementor-id=\"33537\" class=\"elementor elementor-33537 elementor-1408\" data-elementor-post-type=\"page\">\n\t\t\t\t\t\t<section class=\"elementor-section elementor-top-section elementor-element elementor-element-5a0dc87 elementor-hidden-mobile elementor-section-boxed elementor-section-height-default elementor-section-height-default\" data-id=\"5a0dc87\" data-element_type=\"section\" data-e-type=\"section\">\n\t\t\t\t\t\t<div class=\"elementor-container elementor-column-gap-default\">\n\t\t\t\t\t<div class=\"elementor-column elementor-col-100 elementor-top-column elementor-element elementor-element-824116f\" data-id=\"824116f\" data-element_type=\"column\" data-e-type=\"column\">\n\t\t\t<div class=\"elementor-widget-wrap elementor-element-populated\">\n\t\t\t\t\t\t<div class=\"elementor-element elementor-element-1e9ff99 elementor-widget elementor-widget-spacer\" data-id=\"1e9ff99\" data-element_type=\"widget\" data-e-type=\"widget\" data-widget_type=\"spacer.default\">\n\t\t\t\t<div class=\"elementor-widget-container\">\n\t\t\t\t\t\t\t<div class=\"elementor-spacer\">\n\t\t\t<div class=\"elementor-spacer-inner\"><\/div>\n\t\t<\/div>\n\t\t\t\t\t\t<\/div>\n\t\t\t\t<\/div>\n\t\t\t\t<div class=\"elementor-element elementor-element-f710045 elementor-widget elementor-widget-text-editor\" data-id=\"f710045\" data-element_type=\"widget\" data-e-type=\"widget\" data-widget_type=\"text-editor.default\">\n\t\t\t\t<div class=\"elementor-widget-container\">\n\t\t\t\t\t\t\t\t\t<h4><strong>1. Right of withdrawal<\/strong><\/h4><p><strong>Information on the right of withdrawal<br \/>It is not possible to exercise the right of withdrawal if the purchase was made with a VAT number.<\/strong><\/p><p>Purchases on the Fly srl website are subject to the provisions of Legislative Decree 206\/05, dictated in the matter of distance contracts, in cases where the delivery of the goods takes place at the buyer&#8217;s domicile, as such purchases are perfected outside of commercial premises.<\/p><p>The community legislation most known as the Right of Withdrawal, provides that this right can be exercised only by natural persons (consumers) who act for purposes that can be considered unrelated to their commercial activity. The right of withdrawal, therefore, cannot be exercised by legal persons and by natural persons who act for purposes related to a commercial activity. Purchases made by retailers or by persons, who in any way purchase for resale to third parties, are also excluded from the right of withdrawal.<\/p><p>What it consists of: the consumer has the right to withdraw from the contract within 10 working days of receiving the goods, returning the goods subject to withdrawal to the seller, who will reimburse the price of the returned goods.<br \/>The right of withdrawal does not apply to products that have been opened by the consumer, used, assembled and that have not been adequately repacked.<\/p><p>The right of withdrawal also does not apply to bespoke or customized products. All the items on the e-commerce website are made on order and as requested by the buyer.<\/p><p>Fly srl provides the possibility of exercising this right within 3 days of receiving the order and related payment.<br \/>The following details must be provided:<br \/>\u2022 order or invoice number<br \/>\u2022 in the case of partial withdrawal, the article code\/s of the products<br \/>\u2022 bank details on which to obtain the transfer (CIN \u2013 ABI \u2013 CAB codes \u2013 IBAN bank account consisting of 12 alphanumeric characters of the invoice holder)<br \/>The procedure is the following: the communication expressing the desire to withdraw must be sent by email and confirmed within 48 hours. The communication must be sent by email or certified email within 3 working days from receipt of the order confirmation. The PEC mail must be addressed to:<\/p><p>Fly Srl<br \/>Via Delle Fosse 28 \u2013 31037 Loria (TV)<br \/>Tel: +39 0423 492107<\/p><p>The PEC mail must contain the declaration of intent to exercise the right of withdrawal, indicating all the above-mentioned details (order or invoice number, article code of the products that must be subject to withdrawal, bank details).<\/p><h4><strong>2 Return of material<\/strong><\/h4><p class=\"western\"><span lang=\"en-GB\">In case the material has manufacturing defects that are not to be considered typical characteristics of the product, Fly srl undertakes to replace the material under warranty without charging any other costs. To exercise this right, it is necessary to:<\/span><\/p><p class=\"western\"><span lang=\"en-GB\">[ 1 ] Send a written communication to Fly srl via email <\/span><span style=\"color: #0000ff;\"><u><a href=\"mailto:shop@flysrl.com\"><span lang=\"en-GB\">shop@flysrl.com<\/span><\/a><\/u><\/span><span lang=\"en-GB\"> within 5 days from the date of receipt of the goods, indicating the order references, defective item and details of the defect found.<\/span><\/p><p class=\"western\"><span lang=\"en-GB\">[ 2 ] Return the goods via our courier in suitable packaging, indicating the order number and destination address on the package.<\/span><\/p><p class=\"western\"><span lang=\"en-GB\">Fly srl will replace the material at the address indicated on the invoice as soon as possible.<\/span><\/p><p class=\"western\"><span lang=\"en-GB\">Fly Srl reserves the right to refuse the goods received in the event of failure to comply with the procedure indicated above.<\/span><\/p><p class=\"western\"><span lang=\"en-GB\"><b>It is not possible to exercise the right of withdrawal if the purchase was made via VAT number.<\/b><\/span><\/p><p class=\"western\"><span lang=\"en-GB\"><b>Customer Service<\/b><\/span><\/p><p class=\"western\"><span lang=\"en-GB\">To receive assistance, you can call the number +39 (0)423 492107.<\/span><\/p><p class=\"western\"><span lang=\"en-GB\">Our operators will be able to help customers solve any inconvenience and will provide all the information they need.<\/span><\/p><p class=\"western\"><span lang=\"en-GB\">For communications, reports, and suggestions, you can also use the e-mail address <\/span><span style=\"color: #0000ff;\"><u><a href=\"mailto:shop@flysrl.com\"><span lang=\"en-GB\">shop@flysrl.com<\/span><\/a><\/u><\/span><span lang=\"en-GB\">.<\/span><\/p><p class=\"western\"><span lang=\"en-GB\">The customer will receive a response in short time.<\/span><\/p>\t\t\t\t\t\t\t\t<\/div>\n\t\t\t\t<\/div>\n\t\t\t\t<div class=\"elementor-element elementor-element-701a83a elementor-widget elementor-widget-spacer\" data-id=\"701a83a\" data-element_type=\"widget\" data-e-type=\"widget\" data-widget_type=\"spacer.default\">\n\t\t\t\t<div class=\"elementor-widget-container\">\n\t\t\t\t\t\t\t<div class=\"elementor-spacer\">\n\t\t\t<div class=\"elementor-spacer-inner\"><\/div>\n\t\t<\/div>\n\t\t\t\t\t\t<\/div>\n\t\t\t\t<\/div>\n\t\t\t\t\t<\/div>\n\t\t<\/div>\n\t\t\t\t\t<\/div>\n\t\t<\/section>\n\t\t\t\t<section class=\"elementor-section elementor-top-section elementor-element elementor-element-d85a975 elementor-section-full_width elementor-section-stretched elementor-hidden-desktop elementor-hidden-tablet elementor-section-height-default elementor-section-height-default\" data-id=\"d85a975\" data-element_type=\"section\" data-e-type=\"section\" data-settings=\"{&quot;stretch_section&quot;:&quot;section-stretched&quot;}\">\n\t\t\t\t\t\t<div class=\"elementor-container elementor-column-gap-default\">\n\t\t\t\t\t<div class=\"elementor-column elementor-col-100 elementor-top-column elementor-element elementor-element-a6b9cd7\" data-id=\"a6b9cd7\" data-element_type=\"column\" data-e-type=\"column\">\n\t\t\t<div class=\"elementor-widget-wrap elementor-element-populated\">\n\t\t\t\t\t\t<div class=\"elementor-element elementor-element-a46f05b elementor-widget elementor-widget-spacer\" data-id=\"a46f05b\" data-element_type=\"widget\" data-e-type=\"widget\" data-widget_type=\"spacer.default\">\n\t\t\t\t<div class=\"elementor-widget-container\">\n\t\t\t\t\t\t\t<div class=\"elementor-spacer\">\n\t\t\t<div class=\"elementor-spacer-inner\"><\/div>\n\t\t<\/div>\n\t\t\t\t\t\t<\/div>\n\t\t\t\t<\/div>\n\t\t\t\t<div class=\"elementor-element elementor-element-71e8b0e elementor-widget elementor-widget-text-editor\" data-id=\"71e8b0e\" data-element_type=\"widget\" data-e-type=\"widget\" data-widget_type=\"text-editor.default\">\n\t\t\t\t<div class=\"elementor-widget-container\">\n\t\t\t\t\t\t\t\t\t<h3><strong>1. Diritto di recesso<\/strong><\/h3>\n<strong>Informativa sul diritto di recesso<\/strong>\n<strong>Non \u00e8 possibile avvalersi del diritto di recesso se l\u2019acquisto \u00e8 stato effettuato tramite partita iva.<\/strong>\n\nGli acquisti sul sito Fly srl sono soggetti alla disciplina del D.Lgs. 206\/05, dettata in materia di contratti a distanza, nei casi in cui la consegna della merce avvenga al domicilio dell\u2019acquirente, in quanto detti acquisti si perfezionano al di fuori dai locali commerciali.\n\nLa normativa comunitaria pi\u00f9 comunemente nota come Diritto di Recesso, prevede che tale diritto sia esercitabile dalle sole persone fisiche (consumatori) che agiscono per scopi che possono considerarsi estranei alla propria attivit\u00e0 commerciale. Il diritto di recesso, quindi, non pu\u00f2 essere esercitato dalle persone giuridiche e dalle persone fisiche che agiscono per scopi legati ad una attivit\u00e0 commerciale. Restano esclusi dal diritto di recesso anche gli acquisti effettuati da rivenditori o da soggetti che a qualsiasi titolo acquistano per la rivendita a terzi.\n\nIn cosa consiste: il consumatore ha diritto di recedere dal contratto entro il termine di 10 giorni lavorativi dal ricevimento della merce, restituendo il bene oggetto del recesso al venditore, il quale gli rimborser\u00e0 il prezzo della merce restituita.\nIl diritto di recesso\u00a0<b>non si applica<\/b>\u00a0ai prodotti che sono stati aperti dal consumatore, usati, montati e che non sono stati reimballati adeguatamente.\n\nIl diritto di recesso\u00a0<b>non si applica<\/b>\u00a0inoltre su prodotti realizzati su misura e personalizzati. Tutti gli articoli presenti nel sito ecommerce sono realizzati su ordine e come richiesta del compratore.\n\nFly srl prevede la possibilit\u00e0 di esercitare tale diritto entro 3 gg dal ricevimento dell\u2019ordine e relativo pagamento.\n\u00c8 necessario fare comunicazione e comunicare i seguenti dati:\n\u2022\u00a0 numero di ordine o di fattura\n\u2022\u00a0 in caso di recesso parziale, il codice articolo\/i dei prodotti\n\u2022\u00a0 coordinate bancarie sulle quali ottenere il bonifico (Cod. CIN \u2013 ABI \u2013 CAB \u2013 Conto corrente composto da 12 caratteri alfanumerici dell\u2019intestatario della fattura)\nLa procedura \u00e8 la seguente: la comunicazione che esprime la volont\u00e0 di recesso, dovr\u00e0 essere inviata via posta elettronica e confermata entro 48 ore. La comunicazione dovr\u00e0 essere inviata tramite email o posta PEC entro 3 gg. lavorativi a partire dal ricevimento della conferma d\u2019ordine. La posta PEC andr\u00e0 indirizzata a:\n\nFly Srl\nVia Delle Fosse 28 \u2013 31037 Loria (TV)\nTel: +39 0423 492107\n\nLa posta PEC dovr\u00e0 contenere la dichiarazione di voler esercitare il diritto di recesso, indicando tutti i dati citati precedentemente (numero d\u2019ordine o di fattura, codice articolo dei prodotti che devono essere oggetto di recesso, coordinate bancarie).\n<h3><\/h3>\n<h3><strong>2 Reso del materiale<\/strong><\/h3>\nIn caso che il materiale\n\nIn caso che il materiale presenti difetti di produzione che non sono da considerarsi caratteristiche tipiche di prodotto Fly srl si impegna a sostituire il materiale in garanzia senza addebitare alcuna altra spesa. Per avvalersi di questo diritto \u00e8 necessario:\n[ 1 ] Inviare entro 5 giorni dalla data del ricevimento della merce una comunicazione scritta a Fly srl via mail <a href=\"mailto:shop@flysrl.com\">shop@flysrl.com<\/a> , indicando i riferimenti all\u2019ordine, articolo difettato e dettagli del difetto riscontrato.\n[ 2 ] Restituire la merce tramite nostro corriere in adeguato imballo indicando sulla confezione il numero dell\u2019ordine e l\u2019indirizzo di destinazione.\nFly srl provveder\u00e0 ad effettuare la sostituzione del materiale all&#8217;indirizzo indicato in fattura nel pi\u00f9 breve tempo possibile.\n\nFly Srl si riserva il diritto di rifiutare la merce pervenuta nell\u2019ipotesi di mancato rispetto della procedura sopra indicata.\n\n<b>Non \u00e8 possibile avvalersi del diritto di recesso se l\u2019acquisto \u00e8 stato effettuato tramite partita iva.<\/b>\n\n<b>Assistenza clienti\n<\/b>Per ricevere assistenza si potr\u00e0 telefonare al numero 0423 492107.\nI nostri operatori potranno aiutare i clienti a risolvere ogni inconveniente e daranno tutte le informazioni di cui avranno bisogno.\nPer comunicazioni, segnalazioni e suggerimenti si potr\u00e0 utilizzare anche l\u2019indirizzo e-mail\u00a0<a href=\"mailto:shop@flysrl.com\">shop@flysrl.com<\/a>\nIl cliente ricever\u00e0 risposta in tempi brevi.\t\t\t\t\t\t\t\t<\/div>\n\t\t\t\t<\/div>\n\t\t\t\t<div class=\"elementor-element elementor-element-fac1189 elementor-widget elementor-widget-spacer\" data-id=\"fac1189\" data-element_type=\"widget\" data-e-type=\"widget\" data-widget_type=\"spacer.default\">\n\t\t\t\t<div class=\"elementor-widget-container\">\n\t\t\t\t\t\t\t<div class=\"elementor-spacer\">\n\t\t\t<div class=\"elementor-spacer-inner\"><\/div>\n\t\t<\/div>\n\t\t\t\t\t\t<\/div>\n\t\t\t\t<\/div>\n\t\t\t\t\t<\/div>\n\t\t<\/div>\n\t\t\t\t\t<\/div>\n\t\t<\/section>\n\t\t\t\t<\/div>\n\t\t","protected":false},"excerpt":{"rendered":"<p>1. Right of withdrawal Information on the right of withdrawalIt is not possible to exercise the right of withdrawal if the purchase was made with a<span class=\"excerpt-hellip\"> [\u2026]<\/span><\/p>\n","protected":false},"author":1,"featured_media":0,"parent":0,"menu_order":0,"comment_status":"closed","ping_status":"closed","template":"","meta":{"footnotes":""},"class_list":["post-33537","page","type-page","status-publish","hentry"],"yoast_head":"<!-- This site is optimized with the Yoast SEO plugin v27.2 - https:\/\/yoast.com\/product\/yoast-seo-wordpress\/ -->\n<title>Right of withdrawal - Fly srl<\/title>\n<meta name=\"robots\" content=\"index, follow, max-snippet:-1, max-image-preview:large, max-video-preview:-1\" \/>\n<link rel=\"canonical\" href=\"https:\/\/ecommerce.flysrl.com\/en\/right-of-withdrawal\/\" \/>\n<meta property=\"og:locale\" content=\"en_US\" \/>\n<meta property=\"og:type\" content=\"article\" \/>\n<meta property=\"og:title\" content=\"Right of withdrawal - Fly srl\" \/>\n<meta property=\"og:description\" content=\"1. Right of withdrawal Information on the right of withdrawalIt is not possible to exercise the right of withdrawal if the purchase was made with a [\u2026]\" \/>\n<meta property=\"og:url\" content=\"https:\/\/ecommerce.flysrl.com\/en\/right-of-withdrawal\/\" \/>\n<meta property=\"og:site_name\" content=\"Fly srl\" \/>\n<meta property=\"article:modified_time\" content=\"2025-01-22T10:58:37+00:00\" \/>\n<meta name=\"twitter:card\" content=\"summary_large_image\" \/>\n<meta name=\"twitter:label1\" content=\"Est. reading time\" \/>\n\t<meta name=\"twitter:data1\" content=\"6 minutes\" \/>\n<script type=\"application\/ld+json\" class=\"yoast-schema-graph\">{\"@context\":\"https:\/\/schema.org\",\"@graph\":[{\"@type\":\"WebPage\",\"@id\":\"https:\/\/ecommerce.flysrl.com\/en\/right-of-withdrawal\/\",\"url\":\"https:\/\/ecommerce.flysrl.com\/en\/right-of-withdrawal\/\",\"name\":\"Right of withdrawal - Fly srl\",\"isPartOf\":{\"@id\":\"https:\/\/ecommerce.flysrl.com\/#website\"},\"datePublished\":\"2022-06-07T10:04:59+00:00\",\"dateModified\":\"2025-01-22T10:58:37+00:00\",\"breadcrumb\":{\"@id\":\"https:\/\/ecommerce.flysrl.com\/en\/right-of-withdrawal\/#breadcrumb\"},\"inLanguage\":\"en-US\",\"potentialAction\":[{\"@type\":\"ReadAction\",\"target\":[\"https:\/\/ecommerce.flysrl.com\/en\/right-of-withdrawal\/\"]}]},{\"@type\":\"BreadcrumbList\",\"@id\":\"https:\/\/ecommerce.flysrl.com\/en\/right-of-withdrawal\/#breadcrumb\",\"itemListElement\":[{\"@type\":\"ListItem\",\"position\":1,\"name\":\"Home\",\"item\":\"https:\/\/ecommerce.flysrl.com\/en\/\"},{\"@type\":\"ListItem\",\"position\":2,\"name\":\"Right of withdrawal\"}]},{\"@type\":\"WebSite\",\"@id\":\"https:\/\/ecommerce.flysrl.com\/#website\",\"url\":\"https:\/\/ecommerce.flysrl.com\/\",\"name\":\"Fly srl\",\"description\":\"Arredo urbano e giochi\",\"potentialAction\":[{\"@type\":\"SearchAction\",\"target\":{\"@type\":\"EntryPoint\",\"urlTemplate\":\"https:\/\/ecommerce.flysrl.com\/?s={search_term_string}\"},\"query-input\":{\"@type\":\"PropertyValueSpecification\",\"valueRequired\":true,\"valueName\":\"search_term_string\"}}],\"inLanguage\":\"en-US\"}]}<\/script>\n<!-- \/ Yoast SEO plugin. -->","yoast_head_json":{"title":"Right of withdrawal - Fly srl","robots":{"index":"index","follow":"follow","max-snippet":"max-snippet:-1","max-image-preview":"max-image-preview:large","max-video-preview":"max-video-preview:-1"},"canonical":"https:\/\/ecommerce.flysrl.com\/en\/right-of-withdrawal\/","og_locale":"en_US","og_type":"article","og_title":"Right of withdrawal - Fly srl","og_description":"1. Right of withdrawal Information on the right of withdrawalIt is not possible to exercise the right of withdrawal if the purchase was made with a [\u2026]","og_url":"https:\/\/ecommerce.flysrl.com\/en\/right-of-withdrawal\/","og_site_name":"Fly srl","article_modified_time":"2025-01-22T10:58:37+00:00","twitter_card":"summary_large_image","twitter_misc":{"Est. reading time":"6 minutes"},"schema":{"@context":"https:\/\/schema.org","@graph":[{"@type":"WebPage","@id":"https:\/\/ecommerce.flysrl.com\/en\/right-of-withdrawal\/","url":"https:\/\/ecommerce.flysrl.com\/en\/right-of-withdrawal\/","name":"Right of withdrawal - Fly srl","isPartOf":{"@id":"https:\/\/ecommerce.flysrl.com\/#website"},"datePublished":"2022-06-07T10:04:59+00:00","dateModified":"2025-01-22T10:58:37+00:00","breadcrumb":{"@id":"https:\/\/ecommerce.flysrl.com\/en\/right-of-withdrawal\/#breadcrumb"},"inLanguage":"en-US","potentialAction":[{"@type":"ReadAction","target":["https:\/\/ecommerce.flysrl.com\/en\/right-of-withdrawal\/"]}]},{"@type":"BreadcrumbList","@id":"https:\/\/ecommerce.flysrl.com\/en\/right-of-withdrawal\/#breadcrumb","itemListElement":[{"@type":"ListItem","position":1,"name":"Home","item":"https:\/\/ecommerce.flysrl.com\/en\/"},{"@type":"ListItem","position":2,"name":"Right of withdrawal"}]},{"@type":"WebSite","@id":"https:\/\/ecommerce.flysrl.com\/#website","url":"https:\/\/ecommerce.flysrl.com\/","name":"Fly srl","description":"Arredo urbano e giochi","potentialAction":[{"@type":"SearchAction","target":{"@type":"EntryPoint","urlTemplate":"https:\/\/ecommerce.flysrl.com\/?s={search_term_string}"},"query-input":{"@type":"PropertyValueSpecification","valueRequired":true,"valueName":"search_term_string"}}],"inLanguage":"en-US"}]}},"_links":{"self":[{"href":"https:\/\/ecommerce.flysrl.com\/en\/wp-json\/wp\/v2\/pages\/33537","targetHints":{"allow":["GET"]}}],"collection":[{"href":"https:\/\/ecommerce.flysrl.com\/en\/wp-json\/wp\/v2\/pages"}],"about":[{"href":"https:\/\/ecommerce.flysrl.com\/en\/wp-json\/wp\/v2\/types\/page"}],"author":[{"embeddable":true,"href":"https:\/\/ecommerce.flysrl.com\/en\/wp-json\/wp\/v2\/users\/1"}],"replies":[{"embeddable":true,"href":"https:\/\/ecommerce.flysrl.com\/en\/wp-json\/wp\/v2\/comments?post=33537"}],"version-history":[{"count":0,"href":"https:\/\/ecommerce.flysrl.com\/en\/wp-json\/wp\/v2\/pages\/33537\/revisions"}],"wp:attachment":[{"href":"https:\/\/ecommerce.flysrl.com\/en\/wp-json\/wp\/v2\/media?parent=33537"}],"curies":[{"name":"wp","href":"https:\/\/api.w.org\/{rel}","templated":true}]}}