{"id":33540,"date":"2022-06-07T12:13:10","date_gmt":"2022-06-07T10:13:10","guid":{"rendered":"https:\/\/ecommerce.flysrl.com\/pagamenti\/"},"modified":"2025-01-22T12:04:52","modified_gmt":"2025-01-22T11:04:52","slug":"payments","status":"publish","type":"page","link":"https:\/\/ecommerce.flysrl.com\/en\/payments\/","title":{"rendered":"Payments"},"content":{"rendered":"\t\t<div data-elementor-type=\"wp-page\" data-elementor-id=\"33540\" class=\"elementor elementor-33540 elementor-1413\" data-elementor-post-type=\"page\">\n\t\t\t\t\t\t<section class=\"elementor-section elementor-top-section elementor-element elementor-element-5a0dc87 elementor-hidden-mobile elementor-section-boxed elementor-section-height-default elementor-section-height-default\" data-id=\"5a0dc87\" data-element_type=\"section\" data-e-type=\"section\">\n\t\t\t\t\t\t<div class=\"elementor-container elementor-column-gap-default\">\n\t\t\t\t\t<div class=\"elementor-column elementor-col-100 elementor-top-column elementor-element elementor-element-824116f\" data-id=\"824116f\" data-element_type=\"column\" data-e-type=\"column\">\n\t\t\t<div class=\"elementor-widget-wrap elementor-element-populated\">\n\t\t\t\t\t\t<div class=\"elementor-element elementor-element-1e9ff99 elementor-widget elementor-widget-spacer\" data-id=\"1e9ff99\" data-element_type=\"widget\" data-e-type=\"widget\" data-widget_type=\"spacer.default\">\n\t\t\t\t<div class=\"elementor-widget-container\">\n\t\t\t\t\t\t\t<div class=\"elementor-spacer\">\n\t\t\t<div class=\"elementor-spacer-inner\"><\/div>\n\t\t<\/div>\n\t\t\t\t\t\t<\/div>\n\t\t\t\t<\/div>\n\t\t\t\t<div class=\"elementor-element elementor-element-f710045 elementor-widget elementor-widget-text-editor\" data-id=\"f710045\" data-element_type=\"widget\" data-e-type=\"widget\" data-widget_type=\"text-editor.default\">\n\t\t\t\t<div class=\"elementor-widget-container\">\n\t\t\t\t\t\t\t\t\t<h4><strong>1. Payment Methods<\/strong><\/h4><p>Purchases made on the ecommerce.flysrl.com website are safe and guaranteed and can be made:<\/p><ul><li>Advance payment by bank transfer.<\/li><\/ul><h4>\u00a0<\/h4><h4><strong>1.1 Payment by advance bank transfer<\/strong><\/h4><p class=\"western\"><span lang=\"en-GB\">In case of advance payment by bank transfer, the order will be managed\/put into production only after receiving confirmation of the credit from the bank.<\/span><\/p><p class=\"western\"><span lang=\"en-GB\">Payment must be made within 8 days from the date of the order. After this deadline, the order will be automatically cancelled. The reason for the bank transfer must necessarily include the order number, order date and name and surname of the customer.<\/span><\/p><p class=\"western\"><span lang=\"en-GB\">Product availability is to be evaluated only from the moment the order is placed.<\/span><\/p><p class=\"western\"><span lang=\"en-GB\">The bank transfer must be made out to: \u2018<\/span><span lang=\"en-GB\"><b>FLY SRL<\/b><\/span><span lang=\"en-GB\">\u2018<\/span><\/p><p class=\"western\"><span lang=\"en-GB\">Cancellation by sending an email or certified email within 48 hours of the order is possible, until the order is not yet in production or in preparation in the warehouse if the material is already available.<\/span><\/p>\t\t\t\t\t\t\t\t<\/div>\n\t\t\t\t<\/div>\n\t\t\t\t<div class=\"elementor-element elementor-element-701a83a elementor-widget elementor-widget-spacer\" data-id=\"701a83a\" data-element_type=\"widget\" data-e-type=\"widget\" data-widget_type=\"spacer.default\">\n\t\t\t\t<div class=\"elementor-widget-container\">\n\t\t\t\t\t\t\t<div class=\"elementor-spacer\">\n\t\t\t<div class=\"elementor-spacer-inner\"><\/div>\n\t\t<\/div>\n\t\t\t\t\t\t<\/div>\n\t\t\t\t<\/div>\n\t\t\t\t\t<\/div>\n\t\t<\/div>\n\t\t\t\t\t<\/div>\n\t\t<\/section>\n\t\t\t\t<section class=\"elementor-section elementor-top-section elementor-element elementor-element-399b0ad elementor-section-full_width elementor-section-stretched elementor-hidden-desktop elementor-hidden-tablet elementor-section-height-default elementor-section-height-default\" data-id=\"399b0ad\" data-element_type=\"section\" data-e-type=\"section\" data-settings=\"{&quot;stretch_section&quot;:&quot;section-stretched&quot;}\">\n\t\t\t\t\t\t<div class=\"elementor-container elementor-column-gap-default\">\n\t\t\t\t\t<div class=\"elementor-column elementor-col-100 elementor-top-column elementor-element elementor-element-e90c836\" data-id=\"e90c836\" data-element_type=\"column\" data-e-type=\"column\">\n\t\t\t<div class=\"elementor-widget-wrap elementor-element-populated\">\n\t\t\t\t\t\t<div class=\"elementor-element elementor-element-855ebea elementor-widget elementor-widget-spacer\" data-id=\"855ebea\" data-element_type=\"widget\" data-e-type=\"widget\" data-widget_type=\"spacer.default\">\n\t\t\t\t<div class=\"elementor-widget-container\">\n\t\t\t\t\t\t\t<div class=\"elementor-spacer\">\n\t\t\t<div class=\"elementor-spacer-inner\"><\/div>\n\t\t<\/div>\n\t\t\t\t\t\t<\/div>\n\t\t\t\t<\/div>\n\t\t\t\t<div class=\"elementor-element elementor-element-5e96126 elementor-widget elementor-widget-text-editor\" data-id=\"5e96126\" data-element_type=\"widget\" data-e-type=\"widget\" data-widget_type=\"text-editor.default\">\n\t\t\t\t<div class=\"elementor-widget-container\">\n\t\t\t\t\t\t\t\t\t<h3><strong>1. Modalit\u00e0 di pagamento<\/strong><\/h3><p>Gli acquisti effettuati sul sito ecommerce.flysrl.com sono sicuri e garantiti e possono essere eseguiti:<\/p><ul><li>Pagamento tramite bonifico bancario anticipato.<\/li><\/ul><div>\u00a0<\/div><h3>\u00a0<\/h3><h3><strong>1.1 Pagamento tramite bonifico bancario anticipato<\/strong><\/h3><p>In caso di pagamento tramite bonifico bancario anticipato l\u2019ordine sar\u00e0 gestito\/messo in produzione solo dopo aver ricevuto la conferma dell\u2019avvenuto accredito da parte della banca.<br \/>Il pagamento dovr\u00e0 avvenire entro 8 giorni a partire dalla data dell\u2019ordine. Oltrepassata tale scadenza, l\u2019ordine verr\u00e0 automaticamente annullato. La causale del bonifico bancario dovr\u00e0 riportare necessariamente numero ordine, data ordine e nome e cognome del cliente.<br \/>Le disponibilit\u00e0 dei prodotti sono da valutare solo dal momento dell\u2019avvenuto ordine.<br \/>Il bonifico dovr\u00e0 essere intestato a : \u2018<b>FLY SRL<\/b>\u2018<\/p><p>L\u2019annullamento previo invio di mail o posta PEC entro 48 ore dell\u2019ordine \u00e8 possibile fino al momento in cui lo stesso non \u00e8 ancora in produzione o in preparazione a magazzino se materiale gi\u00e0 disponibile.<\/p>\t\t\t\t\t\t\t\t<\/div>\n\t\t\t\t<\/div>\n\t\t\t\t<div class=\"elementor-element elementor-element-bc440ac elementor-widget elementor-widget-spacer\" data-id=\"bc440ac\" data-element_type=\"widget\" data-e-type=\"widget\" data-widget_type=\"spacer.default\">\n\t\t\t\t<div class=\"elementor-widget-container\">\n\t\t\t\t\t\t\t<div class=\"elementor-spacer\">\n\t\t\t<div class=\"elementor-spacer-inner\"><\/div>\n\t\t<\/div>\n\t\t\t\t\t\t<\/div>\n\t\t\t\t<\/div>\n\t\t\t\t\t<\/div>\n\t\t<\/div>\n\t\t\t\t\t<\/div>\n\t\t<\/section>\n\t\t\t\t<\/div>\n\t\t","protected":false},"excerpt":{"rendered":"<p>1. Payment Methods Purchases made on the ecommerce.flysrl.com website are safe and guaranteed and can be made: Advance payment by bank transfer. \u00a0 1.1 Payment by<span class=\"excerpt-hellip\"> [\u2026]<\/span><\/p>\n","protected":false},"author":1,"featured_media":0,"parent":0,"menu_order":0,"comment_status":"closed","ping_status":"closed","template":"","meta":{"footnotes":""},"class_list":["post-33540","page","type-page","status-publish","hentry"],"yoast_head":"<!-- This site is optimized with the Yoast SEO plugin v27.2 - https:\/\/yoast.com\/product\/yoast-seo-wordpress\/ -->\n<title>Payments - Fly srl<\/title>\n<meta name=\"robots\" content=\"index, follow, max-snippet:-1, max-image-preview:large, max-video-preview:-1\" \/>\n<link rel=\"canonical\" href=\"https:\/\/ecommerce.flysrl.com\/en\/payments\/\" \/>\n<meta property=\"og:locale\" content=\"en_US\" \/>\n<meta property=\"og:type\" content=\"article\" \/>\n<meta property=\"og:title\" content=\"Payments - Fly srl\" \/>\n<meta property=\"og:description\" content=\"1. Payment Methods Purchases made on the ecommerce.flysrl.com website are safe and guaranteed and can be made: Advance payment by bank transfer. \u00a0 1.1 Payment by [\u2026]\" \/>\n<meta property=\"og:url\" content=\"https:\/\/ecommerce.flysrl.com\/en\/payments\/\" \/>\n<meta property=\"og:site_name\" content=\"Fly srl\" \/>\n<meta property=\"article:modified_time\" content=\"2025-01-22T11:04:52+00:00\" \/>\n<meta name=\"twitter:card\" content=\"summary_large_image\" \/>\n<meta name=\"twitter:label1\" content=\"Est. reading time\" \/>\n\t<meta name=\"twitter:data1\" content=\"2 minutes\" \/>\n<script type=\"application\/ld+json\" class=\"yoast-schema-graph\">{\"@context\":\"https:\/\/schema.org\",\"@graph\":[{\"@type\":\"WebPage\",\"@id\":\"https:\/\/ecommerce.flysrl.com\/en\/payments\/\",\"url\":\"https:\/\/ecommerce.flysrl.com\/en\/payments\/\",\"name\":\"Payments - Fly srl\",\"isPartOf\":{\"@id\":\"https:\/\/ecommerce.flysrl.com\/#website\"},\"datePublished\":\"2022-06-07T10:13:10+00:00\",\"dateModified\":\"2025-01-22T11:04:52+00:00\",\"breadcrumb\":{\"@id\":\"https:\/\/ecommerce.flysrl.com\/en\/payments\/#breadcrumb\"},\"inLanguage\":\"en-US\",\"potentialAction\":[{\"@type\":\"ReadAction\",\"target\":[\"https:\/\/ecommerce.flysrl.com\/en\/payments\/\"]}]},{\"@type\":\"BreadcrumbList\",\"@id\":\"https:\/\/ecommerce.flysrl.com\/en\/payments\/#breadcrumb\",\"itemListElement\":[{\"@type\":\"ListItem\",\"position\":1,\"name\":\"Home\",\"item\":\"https:\/\/ecommerce.flysrl.com\/en\/\"},{\"@type\":\"ListItem\",\"position\":2,\"name\":\"Payments\"}]},{\"@type\":\"WebSite\",\"@id\":\"https:\/\/ecommerce.flysrl.com\/#website\",\"url\":\"https:\/\/ecommerce.flysrl.com\/\",\"name\":\"Fly srl\",\"description\":\"Arredo urbano e giochi\",\"potentialAction\":[{\"@type\":\"SearchAction\",\"target\":{\"@type\":\"EntryPoint\",\"urlTemplate\":\"https:\/\/ecommerce.flysrl.com\/?s={search_term_string}\"},\"query-input\":{\"@type\":\"PropertyValueSpecification\",\"valueRequired\":true,\"valueName\":\"search_term_string\"}}],\"inLanguage\":\"en-US\"}]}<\/script>\n<!-- \/ Yoast SEO plugin. -->","yoast_head_json":{"title":"Payments - Fly srl","robots":{"index":"index","follow":"follow","max-snippet":"max-snippet:-1","max-image-preview":"max-image-preview:large","max-video-preview":"max-video-preview:-1"},"canonical":"https:\/\/ecommerce.flysrl.com\/en\/payments\/","og_locale":"en_US","og_type":"article","og_title":"Payments - Fly srl","og_description":"1. Payment Methods Purchases made on the ecommerce.flysrl.com website are safe and guaranteed and can be made: Advance payment by bank transfer. \u00a0 1.1 Payment by [\u2026]","og_url":"https:\/\/ecommerce.flysrl.com\/en\/payments\/","og_site_name":"Fly srl","article_modified_time":"2025-01-22T11:04:52+00:00","twitter_card":"summary_large_image","twitter_misc":{"Est. reading time":"2 minutes"},"schema":{"@context":"https:\/\/schema.org","@graph":[{"@type":"WebPage","@id":"https:\/\/ecommerce.flysrl.com\/en\/payments\/","url":"https:\/\/ecommerce.flysrl.com\/en\/payments\/","name":"Payments - Fly srl","isPartOf":{"@id":"https:\/\/ecommerce.flysrl.com\/#website"},"datePublished":"2022-06-07T10:13:10+00:00","dateModified":"2025-01-22T11:04:52+00:00","breadcrumb":{"@id":"https:\/\/ecommerce.flysrl.com\/en\/payments\/#breadcrumb"},"inLanguage":"en-US","potentialAction":[{"@type":"ReadAction","target":["https:\/\/ecommerce.flysrl.com\/en\/payments\/"]}]},{"@type":"BreadcrumbList","@id":"https:\/\/ecommerce.flysrl.com\/en\/payments\/#breadcrumb","itemListElement":[{"@type":"ListItem","position":1,"name":"Home","item":"https:\/\/ecommerce.flysrl.com\/en\/"},{"@type":"ListItem","position":2,"name":"Payments"}]},{"@type":"WebSite","@id":"https:\/\/ecommerce.flysrl.com\/#website","url":"https:\/\/ecommerce.flysrl.com\/","name":"Fly srl","description":"Arredo urbano e giochi","potentialAction":[{"@type":"SearchAction","target":{"@type":"EntryPoint","urlTemplate":"https:\/\/ecommerce.flysrl.com\/?s={search_term_string}"},"query-input":{"@type":"PropertyValueSpecification","valueRequired":true,"valueName":"search_term_string"}}],"inLanguage":"en-US"}]}},"_links":{"self":[{"href":"https:\/\/ecommerce.flysrl.com\/en\/wp-json\/wp\/v2\/pages\/33540","targetHints":{"allow":["GET"]}}],"collection":[{"href":"https:\/\/ecommerce.flysrl.com\/en\/wp-json\/wp\/v2\/pages"}],"about":[{"href":"https:\/\/ecommerce.flysrl.com\/en\/wp-json\/wp\/v2\/types\/page"}],"author":[{"embeddable":true,"href":"https:\/\/ecommerce.flysrl.com\/en\/wp-json\/wp\/v2\/users\/1"}],"replies":[{"embeddable":true,"href":"https:\/\/ecommerce.flysrl.com\/en\/wp-json\/wp\/v2\/comments?post=33540"}],"version-history":[{"count":0,"href":"https:\/\/ecommerce.flysrl.com\/en\/wp-json\/wp\/v2\/pages\/33540\/revisions"}],"wp:attachment":[{"href":"https:\/\/ecommerce.flysrl.com\/en\/wp-json\/wp\/v2\/media?parent=33540"}],"curies":[{"name":"wp","href":"https:\/\/api.w.org\/{rel}","templated":true}]}}