{"id":33541,"date":"2022-06-08T11:53:46","date_gmt":"2022-06-08T09:53:46","guid":{"rendered":"https:\/\/ecommerce.flysrl.com\/privacy\/"},"modified":"2025-01-20T14:58:15","modified_gmt":"2025-01-20T13:58:15","slug":"privacy","status":"publish","type":"page","link":"https:\/\/ecommerce.flysrl.com\/en\/privacy\/","title":{"rendered":"Privacy"},"content":{"rendered":"\t\t<div data-elementor-type=\"wp-page\" data-elementor-id=\"33541\" class=\"elementor elementor-33541 elementor-11250\" data-elementor-post-type=\"page\">\n\t\t\t\t\t\t<section class=\"elementor-section elementor-top-section elementor-element elementor-element-5a0dc87 elementor-hidden-mobile elementor-section-boxed elementor-section-height-default elementor-section-height-default\" data-id=\"5a0dc87\" data-element_type=\"section\" data-e-type=\"section\">\n\t\t\t\t\t\t<div class=\"elementor-container elementor-column-gap-default\">\n\t\t\t\t\t<div class=\"elementor-column elementor-col-100 elementor-top-column elementor-element elementor-element-824116f\" data-id=\"824116f\" data-element_type=\"column\" data-e-type=\"column\">\n\t\t\t<div class=\"elementor-widget-wrap elementor-element-populated\">\n\t\t\t\t\t\t<div class=\"elementor-element elementor-element-1e9ff99 elementor-widget elementor-widget-spacer\" data-id=\"1e9ff99\" data-element_type=\"widget\" data-e-type=\"widget\" data-widget_type=\"spacer.default\">\n\t\t\t\t<div class=\"elementor-widget-container\">\n\t\t\t\t\t\t\t<div class=\"elementor-spacer\">\n\t\t\t<div class=\"elementor-spacer-inner\"><\/div>\n\t\t<\/div>\n\t\t\t\t\t\t<\/div>\n\t\t\t\t<\/div>\n\t\t\t\t<div class=\"elementor-element elementor-element-f710045 elementor-widget elementor-widget-text-editor\" data-id=\"f710045\" data-element_type=\"widget\" data-e-type=\"widget\" data-widget_type=\"text-editor.default\">\n\t\t\t\t<div class=\"elementor-widget-container\">\n\t\t\t\t\t\t\t\t\t<h4><strong>1. Privacy<\/strong><\/h4><p>Law no. 675 of 31 December 1996, containing provisions for the protection of people and other subjects with respect to the processing of personal data, was repealed by Legislative Decree no. 196 of 30 June 2003, which introduced the new Personal Data Protection Code. For this purpose, Fly Srl, with registered office in Via delle Fosse, 28 \u2013 31037 Loria (TV) as the independent Data Controller, is required to provide certain information regarding the use of personal data provided by the customer, or otherwise acquired in the context of the related activity.<\/p><p><b>Source of personal data<\/b><\/p><p>The personal data held by Fly srl are collected directly from customers or from third parties such as, for example, if data is acquired from external companies for the purposes of commercial information, market research, direct offers of products or services. For this last type of data, an information notice will be provided upon registration and not later than the first possible communication. In any case, all this data will be processed in compliance with the above-mentioned law and the confidentiality obligations that have always inspired the activity of our Company.<\/p><p>The following data will be collected:<br \/>\u2013 user&#8217;s IP address;<br \/>\u2013 personal e-mail address;<br \/>\u2013 origin URL address<\/p><p>A) It may also happen that in relation to specific operations or products requested by the Customer, Fly srl comes into possession of data that the law defines as &#8216;sensitive&#8217;, because from them it can be referred the possible membership of the customer to associations or information on his state of health. For their processing, the law requires a specific manifestation of consent.<\/p><p><strong>Processing purpose for which the data are intended<\/strong><\/p><p>The personal data provided by the customer are processed within the normal activity of Fly srl and according to the following purposes:<br \/>\u2013 completion and support of access;<br \/>\u2013 to execute the transaction that the user is carrying out;<br \/>\u2013 to fulfil legal obligations;<br \/>\u2013 for operational and management needs.<\/p><p><strong>Data processing methods<\/strong><\/p><p>In relation to the stated purposes, the processing of personal data takes place using manual, computer and telematic tools with logics strictly related to the same purposes and, however, to guarantee the security and confidentiality of the data. In any case, protection is also ensured when innovative channels such as telephone banking and multimedia kiosks are activated.<br \/>The data will be processed using appropriate tools to guarantee security and confidentiality and may also be carried out using automated tools to store, manage and transmit the data.<\/p><p><b>Categories of subjects to whom the data may be communicated<\/b><\/p><p>For the performance of most of its activities, Fly srl, as all big companies, also turns to external companies for technical and organizational reasons, in establishing and managing relationships with customers.<\/p><p>These are those who carry out the following activities:<\/p><p>\u2013 carrying out the work necessary to execute the instructions received from customers;<\/p><p>\u2013 managing payment services, credit cards, tax collection and treasuries, etc.<\/p><p>\u2013 fraud control and debt recovery;<\/p><p>\u2013 accounting auditing.<\/p><p>B) It follows that, without the consent of the interested party to communications to third parties and related processing, Fly srl will be able to perform only those operations that do not involve such communications.<\/p><p>We warn that, pending such consent, if the customer still requests the execution of specific operations and services other than those listed above, the execution of the same by Fly srl must be understood as a provisional manifestation of consent limited to the processing related to the operations and services requested.<\/p><p>All subjects belonging to the categories to which they can be communicated will use the data as &#8216;owners&#8217; pursuant to Legislative Decree 196\/2003, in full autonomy, being unrelated to the original processing carried out at Fly srl.<\/p><p>The personal data in possession of Fly srl may be communicated to other subjects, who may become aware of them, in the capacity of &#8216;responsible&#8217; or &#8216;appointed&#8217;. The complete and constantly updated list of the offices and managers who, within Fly srl, process personal data is available at the respective Registered Office of the Company.<\/p><p>Personal data will not be used to send advertising material, promotions and similar, since such activity must expressly provide for the consent of the data owner.<\/p><p>The personal data processed by the Bank are not subject to disclosure.<\/p><p><strong>Rights under Article 7<\/strong><\/p><p>Finally, Fly Srl informs that Article 7 of Legislative Decree 196\/2003 grants to the interested parties the exercise of specific rights. In particular, the interested party may obtain from the Data Controller a confirmation of the existence or not of their personal data and that such data be made available to them in an intelligible form. The interested party may also request to know the origin of the personal data, the purpose and method of processing; the logic applied in the event of processing carried out with the aid of electronic instruments; the identification details of the owner and the person responsible for obtaining the cancellation, transformation into anonymous form or blocking of data processed in violation of the law as well as the updating, rectification or, if there is interest, integration of the data; to oppose, for legitimate reasons, the processing of data concerning them also for the purposes of sending advertising material or direct sales.<\/p><p>The rights in question may be exercised, also through a representative, by means of a request addressed to the person responsible appointed by letter. In exercising the rights, the interested party may confer in writing, delegation, or power of attorney to natural persons, entities, associations, or organizations. The interested party may also be assisted by a trusted person.<\/p><p>Further information may be requested by email at: info@flysrl.com<\/p><p>The data controller is <strong>Fly srl.<\/strong><\/p>\t\t\t\t\t\t\t\t<\/div>\n\t\t\t\t<\/div>\n\t\t\t\t<div class=\"elementor-element elementor-element-701a83a elementor-widget elementor-widget-spacer\" data-id=\"701a83a\" data-element_type=\"widget\" data-e-type=\"widget\" data-widget_type=\"spacer.default\">\n\t\t\t\t<div class=\"elementor-widget-container\">\n\t\t\t\t\t\t\t<div class=\"elementor-spacer\">\n\t\t\t<div class=\"elementor-spacer-inner\"><\/div>\n\t\t<\/div>\n\t\t\t\t\t\t<\/div>\n\t\t\t\t<\/div>\n\t\t\t\t\t<\/div>\n\t\t<\/div>\n\t\t\t\t\t<\/div>\n\t\t<\/section>\n\t\t\t\t<section class=\"elementor-section elementor-top-section elementor-element elementor-element-f30b95c elementor-section-full_width elementor-section-stretched elementor-hidden-desktop elementor-hidden-tablet elementor-section-height-default elementor-section-height-default\" data-id=\"f30b95c\" data-element_type=\"section\" data-e-type=\"section\" data-settings=\"{&quot;stretch_section&quot;:&quot;section-stretched&quot;}\">\n\t\t\t\t\t\t<div class=\"elementor-container elementor-column-gap-default\">\n\t\t\t\t\t<div class=\"elementor-column elementor-col-100 elementor-top-column elementor-element elementor-element-841c13f\" data-id=\"841c13f\" data-element_type=\"column\" data-e-type=\"column\">\n\t\t\t<div class=\"elementor-widget-wrap elementor-element-populated\">\n\t\t\t\t\t\t<div class=\"elementor-element elementor-element-a21695a elementor-widget elementor-widget-spacer\" data-id=\"a21695a\" data-element_type=\"widget\" data-e-type=\"widget\" data-widget_type=\"spacer.default\">\n\t\t\t\t<div class=\"elementor-widget-container\">\n\t\t\t\t\t\t\t<div class=\"elementor-spacer\">\n\t\t\t<div class=\"elementor-spacer-inner\"><\/div>\n\t\t<\/div>\n\t\t\t\t\t\t<\/div>\n\t\t\t\t<\/div>\n\t\t\t\t<div class=\"elementor-element elementor-element-9ebb8b7 elementor-widget elementor-widget-text-editor\" data-id=\"9ebb8b7\" data-element_type=\"widget\" data-e-type=\"widget\" data-widget_type=\"text-editor.default\">\n\t\t\t\t<div class=\"elementor-widget-container\">\n\t\t\t\t\t\t\t\t\t<h3><strong>1. Privacy<\/strong><\/h3>\nLa legge 31 dicembre 1996 n. 675, recante disposizioni per la tutela delle persone e di altri soggetti rispetto al trattamento dei dati personali, \u00e8 stata abrogata dal decreto legislativo 30 giugno 2003 n. 196, che ha introdotto il nuovo Codice in materia di protezione dei dati personali. A tal fine, Fly Srl, con sede legale in Via delle Fosse, 28 \u2013 31037 Loria (TV) in qualit\u00e0 di Titolare autonomo del trattamento, \u00e8 tenuta a fornire alcune informazioni riguardanti l&#8217;utilizzo dei dati personali forniti dal cliente, ovvero altrimenti acquisiti nell&#8217;ambito della rispettiva attivit\u00e0.\n\n<b>Fonte dei dati personali<\/b>\n\nI dati personali in possesso di Fly srl sono raccolti direttamente presso la clientela ovvero presso terzi come, ad esempio, nell&#8217;ipotesi in cui si acquisiscano dati da societ\u00e0 esterne a fini di informazioni commerciali, ricerche di mercato, offerte dirette di prodotti o servizi. Per quest&#8217;ultima tipologia di dati sar\u00e0 fornita un&#8217;informativa all&#8217;atto della loro registrazione e comunque non oltre la prima eventuale comunicazione. In ogni caso tutti questi dati verranno trattati nel rispetto della citata legge e degli obblighi di riservatezza cui si \u00e8 sempre ispirata l&#8217;attivit\u00e0 della nostra Societ\u00e0.\n\nVerranno raccolti i seguenti dati:\n\n&#8211; indirizzo IP dell&#8217;utente;\n&#8211; indirizzo e-mail personale;\n&#8211; indirizzo URL di provenienza.\n\nA) Pu\u00f2 accadere, inoltre, che in relazione a specifiche operazioni o prodotti richiesti dal Cliente, Fly srl venga in possesso di dati che la legge definisce come &#8216;sensibili&#8217;, perch\u00e9 da essi possono desumersi l&#8217;eventuale appartenenza del cliente ad associazioni o informazioni sul suo stato di salute. Per il loro trattamento la legge richiese una specifica manifestazione di consenso.\n\n<b>Finalit\u00e0 del trattamento cui sono destinati i dati<\/b>\n\nI dati personali forniti dal cliente sono trattati nell&#8217;ambito della normale attivit\u00e0 di Fly srl e secondo le seguenti finalit\u00e0:\n\n&#8211; completamento e supporto dell&#8217;accesso;\n&#8211; per dare esecuzione alla transazione che l&#8217;utente sta compiendo;\n&#8211; per eseguire obblighi di legge;\n&#8211; per esigenze di tipo operativo e gestionale.\n\n<b>Modalit\u00e0 di trattamento dei dati<\/b>\n\nIn relazione alle indicate finalit\u00e0, il trattamento dei dati personali avviene mediante strumenti manuali, informatici e telematici con logiche strettamente correlate alle finalit\u00e0 stesse e, comunque, in modo da garantire la sicurezza e la riservatezza dei dati stessi. In ogni caso la protezione \u00e8 assicurata anche quando vengono attivati canali innovativi quali, ad esempio, banca telefonica e chioschi multimediali.\nIl trattamento dei dati avverr\u00e0 mediante strumenti idonei a garantirne la sicurezza e la riservatezza e potr\u00e0 essere effettuato anche attraverso strumenti automatizzati atti a memorizzare, gestire e trasmettere i dati stessi.\n\n<b>Categorie di soggetti ai quali i dati possono essere comunicati<\/b>\n\nPer lo svolgimento della gran parte della sua attivit\u00e0, Fly srl, come tutte le grandi imprese, si rivolgono anche a societ\u00e0 esterne per ragioni di natura tecnica e organizzativa, nella instaurazione e gestione dei rapporti con la clientela.\nSi tratta, in modo particolare, di soggetti che svolgono le seguenti attivit\u00e0:\n\n&#8211; l&#8217;effettuazione di lavorazioni necessarie per l&#8217;esecuzione delle disposizioni ricevute dalla clientela;\n&#8211; la gestione di servizi di pagamento, di carte di credito, di esattorie e tesorerie, ecc.\n&#8211; il controllo delle frodi e il recupero dei crediti;\n&#8211; la revisione contabile.\n\nB) Ne segue che, senza il consenso dell&#8217;interessato alle comunicazioni a terzi ed ai relativi trattamenti, Fly srl potr\u00e0 eseguire solo quelle operazioni che non prevedono tali comunicazioni\n\nAvvertiamo che, in attesa di detto consenso, qualora il cliente richieda comunque l&#8217;esecuzione di specifiche operazioni e servizi diversi da quelli sopra prospettati, l&#8217;esecuzione degli stessi da parte di Fly srl deve intendersi come manifestazione provvisoria di consenso limitatamente ai trattamenti relativi alle operazioni e servizi richiesti.\n\nTutti i soggetti appartenenti alle categorie ai quali possono essere comunicati utilizzeranno i dati in qualit\u00e0 di &#8216;titolari&#8217; ai sensi del decreto legislativo 196\/2003, in piena autonomia, essendo estranei all&#8217;originario trattamento effettuato presso Fly srl.\n\nI dati personali in possesso di Fly srl potranno essere comunicati ad altri soggetti, che possono venirne a conoscenza, in qualit\u00e0 di &#8216;responsabili&#8217; o &#8216;incaricati&#8217;. L&#8217;elenco completo, e costantemente aggiornato, degli uffici e dei responsabili che, all&#8217;interno di Fly srl, trattano dati personali \u00e8 disponibile presso la rispettiva Sede Legale dell\u2019Azienda.\n\nI dati personali non verranno utilizzati per l&#8217;invio di materiale pubblicitario, promozioni e simili, poich\u00e9 tale attivit\u00e0 dovr\u00e0 prevedere espressamente il consenso del titolare dei dati\n\nI dati personali trattati dalla Banca non sono oggetto di diffusione.\n\n<b>Diritti di cui all&#8217;art.7<\/b>\n\nFly Srl informa, infine, che l&#8217;art. 7 del decreto legislativo 196\/2003 conferisce agli interessati l&#8217;esercizio di specifici diritti. In particolare, l&#8217;interessato pu\u00f2 ottenere dal Titolare la conferma dell&#8217;esistenza o no di propri dati personali e che tali dati vengano messi a sua disposizione in forma intelligibile. L&#8217;interessato pu\u00f2 altres\u00ec chiedere di conoscere l&#8217;origine dei dati personali, la finalit\u00e0 e modalit\u00e0 del trattamento; la logica applicata in caso di trattamento effettuato con l&#8217;ausilio di strumenti elettronici; gli estremi identificativi del titolare e del responsabile di ottenere la cancellazione, la trasformazione in forma anonima o il blocco dei dati trattati in violazione di legge nonch\u00e9 l&#8217;aggiornamento, la rettificazione o, se vi \u00e8 interesse, l&#8217;integrazione dei dati; di opporsi, per motivi legittimi, al trattamento di dati che lo riguardano anche ai fini di invio di materiale pubblicitario o di vendita diretta.\n\nI diritti in oggetto potranno essere esercitati, anche per il tramite di un incaricato, mediante richiesta rivolta al responsabile nominato con lettera. Nell&#8217;esercizio dei diritti, l&#8217;interessato pu\u00f2 conferire per iscritto, delega o procura a persone fisiche, enti, associazioni od organismi. L&#8217;interessato pu\u00f2, altres\u00ec, farsi assistere da una persona di fiducia.\n\nUlteriori informazioni potranno essere richieste via mail all\u2019indirizzo: <a href=\"mailto:info@flysrl.com\">info@flysrl.com<\/a>\n\nTitolare del trattamento \u00e8 <b>Fly srl<\/b>.\t\t\t\t\t\t\t\t<\/div>\n\t\t\t\t<\/div>\n\t\t\t\t<div class=\"elementor-element elementor-element-8f382d6 elementor-widget elementor-widget-spacer\" data-id=\"8f382d6\" data-element_type=\"widget\" data-e-type=\"widget\" data-widget_type=\"spacer.default\">\n\t\t\t\t<div class=\"elementor-widget-container\">\n\t\t\t\t\t\t\t<div class=\"elementor-spacer\">\n\t\t\t<div class=\"elementor-spacer-inner\"><\/div>\n\t\t<\/div>\n\t\t\t\t\t\t<\/div>\n\t\t\t\t<\/div>\n\t\t\t\t\t<\/div>\n\t\t<\/div>\n\t\t\t\t\t<\/div>\n\t\t<\/section>\n\t\t\t\t<\/div>\n\t\t","protected":false},"excerpt":{"rendered":"<p>1. Privacy Law no. 675 of 31 December 1996, containing provisions for the protection of people and other subjects with respect to the processing of personal<span class=\"excerpt-hellip\"> [\u2026]<\/span><\/p>\n","protected":false},"author":1,"featured_media":0,"parent":0,"menu_order":0,"comment_status":"closed","ping_status":"closed","template":"","meta":{"footnotes":""},"class_list":["post-33541","page","type-page","status-publish","hentry"],"yoast_head":"<!-- This site is optimized with the Yoast SEO plugin v27.2 - https:\/\/yoast.com\/product\/yoast-seo-wordpress\/ -->\n<title>Privacy - Fly srl<\/title>\n<meta name=\"robots\" content=\"index, follow, max-snippet:-1, max-image-preview:large, max-video-preview:-1\" \/>\n<link rel=\"canonical\" href=\"https:\/\/ecommerce.flysrl.com\/privacy\/\" \/>\n<meta property=\"og:locale\" content=\"en_US\" \/>\n<meta property=\"og:type\" content=\"article\" \/>\n<meta property=\"og:title\" content=\"Privacy - Fly srl\" \/>\n<meta property=\"og:description\" content=\"1. Privacy Law no. 675 of 31 December 1996, containing provisions for the protection of people and other subjects with respect to the processing of personal [\u2026]\" \/>\n<meta property=\"og:url\" content=\"https:\/\/ecommerce.flysrl.com\/privacy\/\" \/>\n<meta property=\"og:site_name\" content=\"Fly srl\" \/>\n<meta property=\"article:modified_time\" content=\"2025-01-20T13:58:15+00:00\" \/>\n<meta name=\"twitter:card\" content=\"summary_large_image\" \/>\n<meta name=\"twitter:label1\" content=\"Est. reading time\" \/>\n\t<meta name=\"twitter:data1\" content=\"10 minutes\" \/>\n<script type=\"application\/ld+json\" class=\"yoast-schema-graph\">{\"@context\":\"https:\/\/schema.org\",\"@graph\":[{\"@type\":\"WebPage\",\"@id\":\"https:\/\/ecommerce.flysrl.com\/privacy\/\",\"url\":\"https:\/\/ecommerce.flysrl.com\/privacy\/\",\"name\":\"Privacy - Fly srl\",\"isPartOf\":{\"@id\":\"https:\/\/ecommerce.flysrl.com\/#website\"},\"datePublished\":\"2022-06-08T09:53:46+00:00\",\"dateModified\":\"2025-01-20T13:58:15+00:00\",\"breadcrumb\":{\"@id\":\"https:\/\/ecommerce.flysrl.com\/privacy\/#breadcrumb\"},\"inLanguage\":\"en-US\",\"potentialAction\":[{\"@type\":\"ReadAction\",\"target\":[\"https:\/\/ecommerce.flysrl.com\/privacy\/\"]}]},{\"@type\":\"BreadcrumbList\",\"@id\":\"https:\/\/ecommerce.flysrl.com\/privacy\/#breadcrumb\",\"itemListElement\":[{\"@type\":\"ListItem\",\"position\":1,\"name\":\"Home\",\"item\":\"https:\/\/ecommerce.flysrl.com\/en\/\"},{\"@type\":\"ListItem\",\"position\":2,\"name\":\"Privacy\"}]},{\"@type\":\"WebSite\",\"@id\":\"https:\/\/ecommerce.flysrl.com\/#website\",\"url\":\"https:\/\/ecommerce.flysrl.com\/\",\"name\":\"Fly srl\",\"description\":\"Arredo urbano e giochi\",\"potentialAction\":[{\"@type\":\"SearchAction\",\"target\":{\"@type\":\"EntryPoint\",\"urlTemplate\":\"https:\/\/ecommerce.flysrl.com\/?s={search_term_string}\"},\"query-input\":{\"@type\":\"PropertyValueSpecification\",\"valueRequired\":true,\"valueName\":\"search_term_string\"}}],\"inLanguage\":\"en-US\"}]}<\/script>\n<!-- \/ Yoast SEO plugin. -->","yoast_head_json":{"title":"Privacy - Fly srl","robots":{"index":"index","follow":"follow","max-snippet":"max-snippet:-1","max-image-preview":"max-image-preview:large","max-video-preview":"max-video-preview:-1"},"canonical":"https:\/\/ecommerce.flysrl.com\/privacy\/","og_locale":"en_US","og_type":"article","og_title":"Privacy - Fly srl","og_description":"1. Privacy Law no. 675 of 31 December 1996, containing provisions for the protection of people and other subjects with respect to the processing of personal [\u2026]","og_url":"https:\/\/ecommerce.flysrl.com\/privacy\/","og_site_name":"Fly srl","article_modified_time":"2025-01-20T13:58:15+00:00","twitter_card":"summary_large_image","twitter_misc":{"Est. reading time":"10 minutes"},"schema":{"@context":"https:\/\/schema.org","@graph":[{"@type":"WebPage","@id":"https:\/\/ecommerce.flysrl.com\/privacy\/","url":"https:\/\/ecommerce.flysrl.com\/privacy\/","name":"Privacy - Fly srl","isPartOf":{"@id":"https:\/\/ecommerce.flysrl.com\/#website"},"datePublished":"2022-06-08T09:53:46+00:00","dateModified":"2025-01-20T13:58:15+00:00","breadcrumb":{"@id":"https:\/\/ecommerce.flysrl.com\/privacy\/#breadcrumb"},"inLanguage":"en-US","potentialAction":[{"@type":"ReadAction","target":["https:\/\/ecommerce.flysrl.com\/privacy\/"]}]},{"@type":"BreadcrumbList","@id":"https:\/\/ecommerce.flysrl.com\/privacy\/#breadcrumb","itemListElement":[{"@type":"ListItem","position":1,"name":"Home","item":"https:\/\/ecommerce.flysrl.com\/en\/"},{"@type":"ListItem","position":2,"name":"Privacy"}]},{"@type":"WebSite","@id":"https:\/\/ecommerce.flysrl.com\/#website","url":"https:\/\/ecommerce.flysrl.com\/","name":"Fly srl","description":"Arredo urbano e giochi","potentialAction":[{"@type":"SearchAction","target":{"@type":"EntryPoint","urlTemplate":"https:\/\/ecommerce.flysrl.com\/?s={search_term_string}"},"query-input":{"@type":"PropertyValueSpecification","valueRequired":true,"valueName":"search_term_string"}}],"inLanguage":"en-US"}]}},"_links":{"self":[{"href":"https:\/\/ecommerce.flysrl.com\/en\/wp-json\/wp\/v2\/pages\/33541","targetHints":{"allow":["GET"]}}],"collection":[{"href":"https:\/\/ecommerce.flysrl.com\/en\/wp-json\/wp\/v2\/pages"}],"about":[{"href":"https:\/\/ecommerce.flysrl.com\/en\/wp-json\/wp\/v2\/types\/page"}],"author":[{"embeddable":true,"href":"https:\/\/ecommerce.flysrl.com\/en\/wp-json\/wp\/v2\/users\/1"}],"replies":[{"embeddable":true,"href":"https:\/\/ecommerce.flysrl.com\/en\/wp-json\/wp\/v2\/comments?post=33541"}],"version-history":[{"count":0,"href":"https:\/\/ecommerce.flysrl.com\/en\/wp-json\/wp\/v2\/pages\/33541\/revisions"}],"wp:attachment":[{"href":"https:\/\/ecommerce.flysrl.com\/en\/wp-json\/wp\/v2\/media?parent=33541"}],"curies":[{"name":"wp","href":"https:\/\/api.w.org\/{rel}","templated":true}]}}